{"id":254,"date":"2023-11-01T08:21:20","date_gmt":"2023-11-01T08:21:20","guid":{"rendered":"https:\/\/epood.suusaliit.ee\/?post_type=product&#038;p=254"},"modified":"2024-12-12T10:09:47","modified_gmt":"2024-12-12T10:09:47","slug":"mstoetusklubi","status":"publish","type":"product","link":"https:\/\/epood.suusaliit.ee\/en\/product\/mstoetusklubi\/","title":{"rendered":"Murdmaasuusatamise toetusklubi"},"content":{"rendered":"","protected":false},"excerpt":{"rendered":"<p>See on toetajate klubi, kuhu kuuluvad Eesti murdmaasuusatamise f\u00e4nnid, kel on v\u00f5imalust ja tahet rahaliselt panustada eesti parimate suusatajate arengusse ja v\u00f5imalustesse maailmatasemel tulemusi saavutada. <span style=\"font-size: 16px;\">Eesm\u00e4rk on igal hooajal kaasata suusas\u00f5prade toetust, et lahendada hooaja k\u00f5ige p\u00f5letavamad finantseerimist vajavad probleemid ning investeerida suusatamise tulevikku. Iga toetaja saab ise valida rahasumma, millega Eesti murdmaasuusatamisesse panustada soovib.<\/span><\/p>","protected":false},"featured_media":285,"template":"","meta":{"_mi_skip_tracking":false,"site-sidebar-layout":"default","site-content-layout":"","ast-site-content-layout":"default","site-content-style":"default","site-sidebar-style":"default","ast-global-header-display":"","ast-banner-title-visibility":"","ast-main-header-display":"","ast-hfb-above-header-display":"","ast-hfb-below-header-display":"","ast-hfb-mobile-header-display":"","site-post-title":"","ast-breadcrumbs-content":"","ast-featured-img":"","footer-sml-layout":"","ast-disable-related-posts":"","theme-transparent-header-meta":"default","adv-header-id-meta":"","stick-header-meta":"","header-above-stick-meta":"","header-main-stick-meta":"","header-below-stick-meta":"","astra-migrate-meta-layouts":"set","ast-page-background-enabled":"default","ast-page-background-meta":{"desktop":{"background-color":"var(--ast-global-color-4)","background-image":"","background-repeat":"repeat","background-position":"center center","background-size":"auto","background-attachment":"scroll","background-type":"","background-media":"","overlay-type":"","overlay-color":"","overlay-opacity":"","overlay-gradient":""},"tablet":{"background-color":"","background-image":"","background-repeat":"repeat","background-position":"center center","background-size":"auto","background-attachment":"scroll","background-type":"","background-media":"","overlay-type":"","overlay-color":"","overlay-opacity":"","overlay-gradient":""},"mobile":{"background-color":"","background-image":"","background-repeat":"repeat","background-position":"center center","background-size":"auto","background-attachment":"scroll","background-type":"","background-media":"","overlay-type":"","overlay-color":"","overlay-opacity":"","overlay-gradient":""}},"ast-content-background-meta":{"desktop":{"background-color":"var(--ast-global-color-5)","background-image":"","background-repeat":"repeat","background-position":"center center","background-size":"auto","background-attachment":"scroll","background-type":"","background-media":"","overlay-type":"","overlay-color":"","overlay-opacity":"","overlay-gradient":""},"tablet":{"background-color":"var(--ast-global-color-5)","background-image":"","background-repeat":"repeat","background-position":"center center","background-size":"auto","background-attachment":"scroll","background-type":"","background-media":"","overlay-type":"","overlay-color":"","overlay-opacity":"","overlay-gradient":""},"mobile":{"background-color":"var(--ast-global-color-5)","background-image":"","background-repeat":"repeat","background-position":"center center","background-size":"auto","background-attachment":"scroll","background-type":"","background-media":"","overlay-type":"","overlay-color":"","overlay-opacity":"","overlay-gradient":""}}},"product_brand":[],"product_cat":[15],"product_tag":[],"class_list":{"0":"post-254","1":"product","2":"type-product","3":"status-publish","4":"has-post-thumbnail","6":"product_cat-uncategorized","7":"desktop-align-left","8":"tablet-align-left","9":"mobile-align-left","10":"ast-product-gallery-layout-horizontal-slider","11":"ast-product-gallery-with-no-image","13":"first","14":"instock","15":"virtual","16":"taxable","17":"purchasable","18":"product-type-simple"},"jetpack_sharing_enabled":true,"_links":{"self":[{"href":"https:\/\/epood.suusaliit.ee\/en\/wp-json\/wp\/v2\/product\/254","targetHints":{"allow":["GET"]}}],"collection":[{"href":"https:\/\/epood.suusaliit.ee\/en\/wp-json\/wp\/v2\/product"}],"about":[{"href":"https:\/\/epood.suusaliit.ee\/en\/wp-json\/wp\/v2\/types\/product"}],"version-history":[{"count":1,"href":"https:\/\/epood.suusaliit.ee\/en\/wp-json\/wp\/v2\/product\/254\/revisions"}],"predecessor-version":[{"id":1279,"href":"https:\/\/epood.suusaliit.ee\/en\/wp-json\/wp\/v2\/product\/254\/revisions\/1279"}],"wp:featuredmedia":[{"embeddable":true,"href":"https:\/\/epood.suusaliit.ee\/en\/wp-json\/wp\/v2\/media\/285"}],"wp:attachment":[{"href":"https:\/\/epood.suusaliit.ee\/en\/wp-json\/wp\/v2\/media?parent=254"}],"wp:term":[{"taxonomy":"product_brand","embeddable":true,"href":"https:\/\/epood.suusaliit.ee\/en\/wp-json\/wp\/v2\/product_brand?post=254"},{"taxonomy":"product_cat","embeddable":true,"href":"https:\/\/epood.suusaliit.ee\/en\/wp-json\/wp\/v2\/product_cat?post=254"},{"taxonomy":"product_tag","embeddable":true,"href":"https:\/\/epood.suusaliit.ee\/en\/wp-json\/wp\/v2\/product_tag?post=254"}],"curies":[{"name":"wp","href":"https:\/\/api.w.org\/{rel}","templated":true}]}}