{"id":1869,"date":"2025-03-08T20:26:34","date_gmt":"2025-03-08T20:26:34","guid":{"rendered":"https:\/\/epood.suusaliit.ee\/?post_type=product&#038;p=1869"},"modified":"2026-03-09T22:31:16","modified_gmt":"2026-03-09T19:31:16","slug":"fs-sb-estonian-open-tasu","status":"publish","type":"product","link":"https:\/\/epood.suusaliit.ee\/en\/product\/fs-sb-estonian-open-tasu\/","title":{"rendered":"FIS Estonian Open osalustasude maksmine FS\/SB"},"content":{"rendered":"","protected":false},"excerpt":{"rendered":"<p>Selle e-poe toote abil saab tasuda FIS Freestyle suusatamise ja lumelaua Estonian Open osav\u00f5tutasu. <strong>See ei ole registreerimine!<br \/>\nOsav\u00f5tutasu on 20\u20ac<\/strong> <del>\u00fche v\u00f5istlusp\u00e4eva<\/del> <strong>kahe p\u00e4eva kohta kokku.<\/strong> Pane korvi nii mitu korda seda toodet kui palju registreerid sportlasi.<\/p>\n<p>This online store product allows you to pay the participation fee for the FIS Freestyle Skiing and Snowboarding Estonian Open. <strong>This is\u00a0not\u00a0a registration!<\/strong><br \/>\n<strong>The participation fee is \u20ac20 for 2 Big Air days.<\/strong><\/p>","protected":false},"featured_media":624,"template":"","meta":{"_mi_skip_tracking":false,"site-sidebar-layout":"default","site-content-layout":"","ast-site-content-layout":"default","site-content-style":"default","site-sidebar-style":"default","ast-global-header-display":"","ast-banner-title-visibility":"","ast-main-header-display":"","ast-hfb-above-header-display":"","ast-hfb-below-header-display":"","ast-hfb-mobile-header-display":"","site-post-title":"","ast-breadcrumbs-content":"","ast-featured-img":"","footer-sml-layout":"","ast-disable-related-posts":"","theme-transparent-header-meta":"default","adv-header-id-meta":"","stick-header-meta":"","header-above-stick-meta":"","header-main-stick-meta":"","header-below-stick-meta":"","astra-migrate-meta-layouts":"set","ast-page-background-enabled":"default","ast-page-background-meta":{"desktop":{"background-color":"var(--ast-global-color-4)","background-image":"","background-repeat":"repeat","background-position":"center center","background-size":"auto","background-attachment":"scroll","background-type":"","background-media":"","overlay-type":"","overlay-color":"","overlay-opacity":"","overlay-gradient":""},"tablet":{"background-color":"","background-image":"","background-repeat":"repeat","background-position":"center center","background-size":"auto","background-attachment":"scroll","background-type":"","background-media":"","overlay-type":"","overlay-color":"","overlay-opacity":"","overlay-gradient":""},"mobile":{"background-color":"","background-image":"","background-repeat":"repeat","background-position":"center center","background-size":"auto","background-attachment":"scroll","background-type":"","background-media":"","overlay-type":"","overlay-color":"","overlay-opacity":"","overlay-gradient":""}},"ast-content-background-meta":{"desktop":{"background-color":"var(--ast-global-color-5)","background-image":"","background-repeat":"repeat","background-position":"center center","background-size":"auto","background-attachment":"scroll","background-type":"","background-media":"","overlay-type":"","overlay-color":"","overlay-opacity":"","overlay-gradient":""},"tablet":{"background-color":"var(--ast-global-color-5)","background-image":"","background-repeat":"repeat","background-position":"center center","background-size":"auto","background-attachment":"scroll","background-type":"","background-media":"","overlay-type":"","overlay-color":"","overlay-opacity":"","overlay-gradient":""},"mobile":{"background-color":"var(--ast-global-color-5)","background-image":"","background-repeat":"repeat","background-position":"center center","background-size":"auto","background-attachment":"scroll","background-type":"","background-media":"","overlay-type":"","overlay-color":"","overlay-opacity":"","overlay-gradient":""}}},"product_brand":[],"product_cat":[36,15],"product_tag":[],"class_list":{"0":"post-1869","1":"product","2":"type-product","3":"status-publish","4":"has-post-thumbnail","6":"product_cat-muud-osalustasud","7":"product_cat-uncategorized","8":"desktop-align-left","9":"tablet-align-left","10":"mobile-align-left","11":"ast-product-gallery-layout-horizontal-slider","12":"ast-product-gallery-with-no-image","14":"first","15":"instock","16":"virtual","17":"taxable","18":"purchasable","19":"product-type-simple"},"jetpack_sharing_enabled":true,"_links":{"self":[{"href":"https:\/\/epood.suusaliit.ee\/en\/wp-json\/wp\/v2\/product\/1869","targetHints":{"allow":["GET"]}}],"collection":[{"href":"https:\/\/epood.suusaliit.ee\/en\/wp-json\/wp\/v2\/product"}],"about":[{"href":"https:\/\/epood.suusaliit.ee\/en\/wp-json\/wp\/v2\/types\/product"}],"version-history":[{"count":3,"href":"https:\/\/epood.suusaliit.ee\/en\/wp-json\/wp\/v2\/product\/1869\/revisions"}],"predecessor-version":[{"id":2814,"href":"https:\/\/epood.suusaliit.ee\/en\/wp-json\/wp\/v2\/product\/1869\/revisions\/2814"}],"wp:featuredmedia":[{"embeddable":true,"href":"https:\/\/epood.suusaliit.ee\/en\/wp-json\/wp\/v2\/media\/624"}],"wp:attachment":[{"href":"https:\/\/epood.suusaliit.ee\/en\/wp-json\/wp\/v2\/media?parent=1869"}],"wp:term":[{"taxonomy":"product_brand","embeddable":true,"href":"https:\/\/epood.suusaliit.ee\/en\/wp-json\/wp\/v2\/product_brand?post=1869"},{"taxonomy":"product_cat","embeddable":true,"href":"https:\/\/epood.suusaliit.ee\/en\/wp-json\/wp\/v2\/product_cat?post=1869"},{"taxonomy":"product_tag","embeddable":true,"href":"https:\/\/epood.suusaliit.ee\/en\/wp-json\/wp\/v2\/product_tag?post=1869"}],"curies":[{"name":"wp","href":"https:\/\/api.w.org\/{rel}","templated":true}]}}