{"id":1269,"date":"2024-12-04T19:29:54","date_gmt":"2024-12-04T19:29:54","guid":{"rendered":"https:\/\/epood.suusaliit.ee\/?post_type=product&#038;p=1269"},"modified":"2024-12-12T10:10:43","modified_gmt":"2024-12-12T10:10:43","slug":"juku-suusakooli-suusaopik","status":"publish","type":"product","link":"https:\/\/epood.suusaliit.ee\/en\/product\/juku-suusakooli-suusaopik\/","title":{"rendered":"Juku Suusakooli suusa\u00f5pik"},"content":{"rendered":"<p>&nbsp;<\/p>\n<p>&nbsp;<\/p>","protected":false},"excerpt":{"rendered":"<p>Eesti Suusaliidu tr\u00fckis, 68 lk.<\/p>\n<p><strong>Autor: Kaarel Zilmer<\/strong><\/p>\n<p><strong>Kunstnik : \u00dclle Meister<\/strong><\/p>\n<p>30 aastat tagasi, 1994. aastal esmakordselt ilmunud\u00a0 raamat <strong>Juku suusakool<\/strong> on jaganud mitme p\u00f5lvkonna lastele suusa\u00f5petust, mida t\u00e4iendavad\u00a0 kunstniku \u00dclle Meistri\u00a0 paarsada suurep\u00e4rast joonistust. Uude, n\u00fc\u00fcd juba kolmanda tr\u00fcki raamatusse on lisatud mitmeid uusi soovitusi, lisalugemiste linke ja vahetuid QR koodi kaudu avatavaid videomaterjale. Tutvustatakse k\u00f5igi talialade noortesarjasid, laste minimaratone, samuti Eesti terviseradade ja RMK poolt v\u00f5imalusi looduses liikuda. Raamatust leiab ka enam kui 100-aastase Eesti suusatamise ajaloohetki, nuputamist ning n\u00e4itlikke suusa\u00f5ppe kogemusi Eesti eri paigust. Iga lehek\u00fclje v\u00f5tab j\u00e4tkuvalt kokku ka vanas\u00f5na, millest Kihnu oma kinnitab, et <em>Kis pusib, see suab ! <\/em>Tagasiside eelmistest Juku suusakooli tr\u00fckkidest kinnitab, et lastele m\u00f5eldud raamat on peagi muutunud\u00a0 kogu pere suusaraamatuks.<\/p>\n<p><span style=\"color: #ff0000;\">NB! Pane raamatuid korvi v\u00e4hemalt 50\u20ac eest ja saadame need sulle tasuta!<\/span><\/p>","protected":false},"featured_media":1271,"template":"","meta":{"_mi_skip_tracking":false,"site-sidebar-layout":"default","site-content-layout":"","ast-site-content-layout":"default","site-content-style":"default","site-sidebar-style":"default","ast-global-header-display":"","ast-banner-title-visibility":"","ast-main-header-display":"","ast-hfb-above-header-display":"","ast-hfb-below-header-display":"","ast-hfb-mobile-header-display":"","site-post-title":"","ast-breadcrumbs-content":"","ast-featured-img":"","footer-sml-layout":"","ast-disable-related-posts":"","theme-transparent-header-meta":"default","adv-header-id-meta":"","stick-header-meta":"","header-above-stick-meta":"","header-main-stick-meta":"","header-below-stick-meta":"","astra-migrate-meta-layouts":"set","ast-page-background-enabled":"default","ast-page-background-meta":{"desktop":{"background-color":"var(--ast-global-color-4)","background-image":"","background-repeat":"repeat","background-position":"center center","background-size":"auto","background-attachment":"scroll","background-type":"","background-media":"","overlay-type":"","overlay-color":"","overlay-opacity":"","overlay-gradient":""},"tablet":{"background-color":"","background-image":"","background-repeat":"repeat","background-position":"center center","background-size":"auto","background-attachment":"scroll","background-type":"","background-media":"","overlay-type":"","overlay-color":"","overlay-opacity":"","overlay-gradient":""},"mobile":{"background-color":"","background-image":"","background-repeat":"repeat","background-position":"center center","background-size":"auto","background-attachment":"scroll","background-type":"","background-media":"","overlay-type":"","overlay-color":"","overlay-opacity":"","overlay-gradient":""}},"ast-content-background-meta":{"desktop":{"background-color":"var(--ast-global-color-5)","background-image":"","background-repeat":"repeat","background-position":"center center","background-size":"auto","background-attachment":"scroll","background-type":"","background-media":"","overlay-type":"","overlay-color":"","overlay-opacity":"","overlay-gradient":""},"tablet":{"background-color":"var(--ast-global-color-5)","background-image":"","background-repeat":"repeat","background-position":"center center","background-size":"auto","background-attachment":"scroll","background-type":"","background-media":"","overlay-type":"","overlay-color":"","overlay-opacity":"","overlay-gradient":""},"mobile":{"background-color":"var(--ast-global-color-5)","background-image":"","background-repeat":"repeat","background-position":"center center","background-size":"auto","background-attachment":"scroll","background-type":"","background-media":"","overlay-type":"","overlay-color":"","overlay-opacity":"","overlay-gradient":""}}},"product_brand":[],"product_cat":[30],"product_tag":[],"class_list":{"0":"post-1269","1":"product","2":"type-product","3":"status-publish","4":"has-post-thumbnail","6":"product_cat-kaubad","7":"desktop-align-left","8":"tablet-align-left","9":"mobile-align-left","10":"ast-product-gallery-layout-horizontal-slider","11":"ast-product-gallery-with-no-image","13":"first","14":"instock","15":"taxable","16":"shipping-taxable","17":"purchasable","18":"product-type-simple"},"jetpack_sharing_enabled":true,"_links":{"self":[{"href":"https:\/\/epood.suusaliit.ee\/en\/wp-json\/wp\/v2\/product\/1269","targetHints":{"allow":["GET"]}}],"collection":[{"href":"https:\/\/epood.suusaliit.ee\/en\/wp-json\/wp\/v2\/product"}],"about":[{"href":"https:\/\/epood.suusaliit.ee\/en\/wp-json\/wp\/v2\/types\/product"}],"version-history":[{"count":2,"href":"https:\/\/epood.suusaliit.ee\/en\/wp-json\/wp\/v2\/product\/1269\/revisions"}],"predecessor-version":[{"id":1285,"href":"https:\/\/epood.suusaliit.ee\/en\/wp-json\/wp\/v2\/product\/1269\/revisions\/1285"}],"wp:featuredmedia":[{"embeddable":true,"href":"https:\/\/epood.suusaliit.ee\/en\/wp-json\/wp\/v2\/media\/1271"}],"wp:attachment":[{"href":"https:\/\/epood.suusaliit.ee\/en\/wp-json\/wp\/v2\/media?parent=1269"}],"wp:term":[{"taxonomy":"product_brand","embeddable":true,"href":"https:\/\/epood.suusaliit.ee\/en\/wp-json\/wp\/v2\/product_brand?post=1269"},{"taxonomy":"product_cat","embeddable":true,"href":"https:\/\/epood.suusaliit.ee\/en\/wp-json\/wp\/v2\/product_cat?post=1269"},{"taxonomy":"product_tag","embeddable":true,"href":"https:\/\/epood.suusaliit.ee\/en\/wp-json\/wp\/v2\/product_tag?post=1269"}],"curies":[{"name":"wp","href":"https:\/\/api.w.org\/{rel}","templated":true}]}}